{"id":154,"date":"2025-12-14T11:01:48","date_gmt":"2025-12-14T11:01:48","guid":{"rendered":"https:\/\/dosanko.eu\/?page_id=154"},"modified":"2025-12-14T11:01:48","modified_gmt":"2025-12-14T11:01:48","slug":"terms","status":"publish","type":"page","link":"https:\/\/dosanko.eu\/fr\/terms\/","title":{"rendered":"Conditions d\u2019utilisation"},"content":{"rendered":"\n<p>Les pr\u00e9sentes conditions d\u2019utilisation r\u00e9gissent l\u2019utilisation de ce site web (le \u00ab Site \u00bb).<br>En utilisant le Site, vous acceptez les pr\u00e9sentes conditions.<\/p>\n\n\n\n<h2 class=\"wp-block-heading\">Article 1 \u2013 Champ d\u2019application<\/h2>\n\n\n\n<p>Les pr\u00e9sentes conditions s\u2019appliquent \u00e0 toute relation entre les utilisateurs et l\u2019exploitant du Site concernant l\u2019utilisation du Site.<\/p>\n\n\n\n<h2 class=\"wp-block-heading\">Article 2 \u2013 Comportements interdits<\/h2>\n\n\n\n<p>Il est interdit aux utilisateurs de se livrer notamment aux actes suivants :<\/p>\n\n\n\n<ul class=\"wp-block-list\">\n<li>Tout acte contraire aux lois ou \u00e0 l\u2019ordre public et aux bonnes m\u0153urs<\/li>\n\n\n\n<li>Actes li\u00e9s \u00e0 des activit\u00e9s criminelles<\/li>\n\n\n\n<li>Atteinte aux droits de propri\u00e9t\u00e9 intellectuelle du Site ou de tiers<\/li>\n\n\n\n<li>Perturbation du fonctionnement du Site<\/li>\n\n\n\n<li>Acc\u00e8s non autoris\u00e9 ou tentative d\u2019acc\u00e8s non autoris\u00e9<\/li>\n<\/ul>\n\n\n\n<h2 class=\"wp-block-heading\">Article 3 \u2013 Responsabilit\u00e9<\/h2>\n\n\n\n<p>Le Site ne garantit pas l\u2019exactitude, l\u2019exhaustivit\u00e9 ou la s\u00e9curit\u00e9 de son contenu.<br>L\u2019exploitant ne pourra \u00eatre tenu responsable de tout dommage r\u00e9sultant de l\u2019utilisation du Site.<\/p>\n\n\n\n<h2 class=\"wp-block-heading\">Article 4 \u2013 Modification et interruption du service<\/h2>\n\n\n\n<p>Le Site se r\u00e9serve le droit de modifier ou d\u2019interrompre tout ou partie de ses services sans pr\u00e9avis.<\/p>\n\n\n\n<h2 class=\"wp-block-heading\">Article 5 \u2013 Propri\u00e9t\u00e9 intellectuelle<\/h2>\n\n\n\n<p>Les contenus publi\u00e9s sur le Site, y compris les textes et images, sont prot\u00e9g\u00e9s par le droit d\u2019auteur et appartiennent au Site ou \u00e0 leurs ayants droit.<\/p>\n\n\n\n<h2 class=\"wp-block-heading\">Article 6 \u2013 Droit applicable et juridiction comp\u00e9tente<\/h2>\n\n\n\n<p>Les pr\u00e9sentes conditions sont r\u00e9gies par le droit japonais.<br>Tout litige relatif aux pr\u00e9sentes conditions sera soumis \u00e0 la comp\u00e9tence exclusive des tribunaux japonais.<\/p>\n","protected":false},"excerpt":{"rendered":"Les pr\u00e9sentes conditions d\u2019utilisation r\u00e9gissent l\u2019utilisation de ce site web (le \u00ab Site \u00bb).En utilisant le Si [&hellip;]","protected":false},"author":1,"featured_media":0,"parent":0,"menu_order":0,"comment_status":"closed","ping_status":"closed","template":"","meta":{"_acf_changed":false,"_locale":"fr_FR","_original_post":"https:\/\/dosanko.eu\/?page_id=151","footnotes":""},"class_list":["post-154","page","type-page","status-publish","hentry","fr-FR"],"acf":[],"_links":{"self":[{"href":"https:\/\/dosanko.eu\/wp-json\/wp\/v2\/pages\/154","targetHints":{"allow":["GET"]}}],"collection":[{"href":"https:\/\/dosanko.eu\/wp-json\/wp\/v2\/pages"}],"about":[{"href":"https:\/\/dosanko.eu\/wp-json\/wp\/v2\/types\/page"}],"author":[{"embeddable":true,"href":"https:\/\/dosanko.eu\/wp-json\/wp\/v2\/users\/1"}],"replies":[{"embeddable":true,"href":"https:\/\/dosanko.eu\/wp-json\/wp\/v2\/comments?post=154"}],"version-history":[{"count":1,"href":"https:\/\/dosanko.eu\/wp-json\/wp\/v2\/pages\/154\/revisions"}],"predecessor-version":[{"id":157,"href":"https:\/\/dosanko.eu\/wp-json\/wp\/v2\/pages\/154\/revisions\/157"}],"wp:attachment":[{"href":"https:\/\/dosanko.eu\/wp-json\/wp\/v2\/media?parent=154"}],"curies":[{"name":"wp","href":"https:\/\/api.w.org\/{rel}","templated":true}]}}