{"id":142,"date":"2025-12-14T09:48:13","date_gmt":"2025-12-14T09:48:13","guid":{"rendered":"https:\/\/dosanko.eu\/?page_id=142"},"modified":"2025-12-14T09:56:02","modified_gmt":"2025-12-14T09:56:02","slug":"privacy-policy","status":"publish","type":"page","link":"https:\/\/dosanko.eu\/fr\/privacy-policy\/","title":{"rendered":"Politique de confidentialit\u00e9"},"content":{"rendered":"\n<h2 class=\"wp-block-heading\">Qui sommes-nous<\/h2>\n\n\n\n<p>L\u2019adresse de notre site web est :<br><a href=\"https:\/\/dosanko.eu\">https:\/\/dosanko.eu<\/a><\/p>\n\n\n\n<h2 class=\"wp-block-heading\">Commentaires<\/h2>\n\n\n\n<p>Lorsque les visiteurs laissent des commentaires sur le site, nous collectons les donn\u00e9es affich\u00e9es dans le formulaire de commentaire, ainsi que l\u2019adresse IP du visiteur et l\u2019agent utilisateur du navigateur afin d\u2019aider \u00e0 la d\u00e9tection des spams.<\/p>\n\n\n\n<p>Une cha\u00eene anonymis\u00e9e cr\u00e9\u00e9e \u00e0 partir de votre adresse e-mail peut \u00eatre transmise au service Gravatar.<br>La politique de confidentialit\u00e9 de Gravatar est disponible ici :<br><a href=\"https:\/\/automattic.com\/privacy\/\">https:\/\/automattic.com\/privacy\/<\/a><\/p>\n\n\n\n<p>Apr\u00e8s validation de votre commentaire, votre photo de profil sera visible publiquement avec votre commentaire.<\/p>\n\n\n\n<h2 class=\"wp-block-heading\">M\u00e9dias<\/h2>\n\n\n\n<p>Si vous t\u00e9l\u00e9versez des images sur le site, \u00e9vitez d\u2019y inclure des donn\u00e9es de localisation (EXIF GPS).<br>Les visiteurs peuvent t\u00e9l\u00e9charger et extraire ces donn\u00e9es \u00e0 partir des images du site.<\/p>\n\n\n\n<h2 class=\"wp-block-heading\">Cookies<\/h2>\n\n\n\n<p>Si vous laissez un commentaire sur notre site, vous pouvez choisir d\u2019enregistrer votre nom, votre adresse e-mail et votre site web dans des cookies.<br>Ces cookies sont conserv\u00e9s pendant un an.<\/p>\n\n\n\n<p>Lors de la visite de la page de connexion, un cookie temporaire est cr\u00e9\u00e9 afin de v\u00e9rifier si votre navigateur accepte les cookies.<br>Ce cookie ne contient aucune donn\u00e9e personnelle et est supprim\u00e9 lorsque vous fermez votre navigateur.<\/p>\n\n\n\n<p>Lors de la connexion, des cookies sont utilis\u00e9s pour enregistrer vos informations de connexion et vos pr\u00e9f\u00e9rences d\u2019affichage.<br>Les cookies de connexion sont conserv\u00e9s deux jours et les cookies d\u2019affichage un an.<br>Si vous s\u00e9lectionnez \u00ab Se souvenir de moi \u00bb, la connexion sera maintenue pendant deux semaines.<br>En cas de d\u00e9connexion, les cookies de connexion sont supprim\u00e9s.<\/p>\n\n\n\n<p>Lors de la modification ou publication d\u2019un article, un cookie suppl\u00e9mentaire est enregistr\u00e9.<br>Il ne contient aucune donn\u00e9e personnelle et expire apr\u00e8s un jour.<\/p>\n\n\n\n<h2 class=\"wp-block-heading\">Contenu embarqu\u00e9 depuis d\u2019autres sites<\/h2>\n\n\n\n<p>Les articles peuvent inclure des contenus int\u00e9gr\u00e9s (vid\u00e9os, images, articles, etc.).<br>Le contenu int\u00e9gr\u00e9 se comporte comme si le visiteur se rendait directement sur l\u2019autre site.<\/p>\n\n\n\n<p>Ces sites peuvent collecter des donn\u00e9es, utiliser des cookies et suivre les interactions avec le contenu int\u00e9gr\u00e9.<\/p>\n\n\n\n<h2 class=\"wp-block-heading\">Partage des donn\u00e9es<\/h2>\n\n\n\n<p>Si vous demandez une r\u00e9initialisation du mot de passe, votre adresse IP sera incluse dans l\u2019e-mail envoy\u00e9.<\/p>\n\n\n\n<h2 class=\"wp-block-heading\">Dur\u00e9e de conservation des donn\u00e9es<\/h2>\n\n\n\n<p>Les commentaires et leurs m\u00e9tadonn\u00e9es sont conserv\u00e9s ind\u00e9finiment.<\/p>\n\n\n\n<p>Les utilisateurs enregistr\u00e9s peuvent consulter, modifier ou supprimer leurs donn\u00e9es personnelles \u00e0 tout moment<br>(sauf le nom d\u2019utilisateur).<br>Les administrateurs du site peuvent \u00e9galement acc\u00e9der \u00e0 ces informations.<\/p>\n\n\n\n<h2 class=\"wp-block-heading\">Vos droits<\/h2>\n\n\n\n<p>Vous pouvez demander un fichier export\u00e9 des donn\u00e9es personnelles que nous d\u00e9tenons \u00e0 votre sujet.<br>Vous pouvez \u00e9galement demander la suppression de vos donn\u00e9es personnelles, sauf obligation l\u00e9gale ou s\u00e9curitaire.<\/p>\n\n\n\n<h2 class=\"wp-block-heading\">Transmission des donn\u00e9es<\/h2>\n\n\n\n<p>Les commentaires peuvent \u00eatre analys\u00e9s par un service automatis\u00e9 de d\u00e9tection des spams.<\/p>\n","protected":false},"excerpt":{"rendered":"Qui sommes-nous L\u2019adresse de notre site web est :https:\/\/dosanko.eu Commentaires Lorsque les visiteurs laissen [&hellip;]","protected":false},"author":1,"featured_media":0,"parent":0,"menu_order":0,"comment_status":"closed","ping_status":"open","template":"","meta":{"_acf_changed":false,"_locale":"fr_FR","_original_post":"https:\/\/dosanko.eu\/?page_id=3","footnotes":""},"class_list":["post-142","page","type-page","status-publish","hentry","fr-FR"],"acf":[],"_links":{"self":[{"href":"https:\/\/dosanko.eu\/wp-json\/wp\/v2\/pages\/142","targetHints":{"allow":["GET"]}}],"collection":[{"href":"https:\/\/dosanko.eu\/wp-json\/wp\/v2\/pages"}],"about":[{"href":"https:\/\/dosanko.eu\/wp-json\/wp\/v2\/types\/page"}],"author":[{"embeddable":true,"href":"https:\/\/dosanko.eu\/wp-json\/wp\/v2\/users\/1"}],"replies":[{"embeddable":true,"href":"https:\/\/dosanko.eu\/wp-json\/wp\/v2\/comments?post=142"}],"version-history":[{"count":2,"href":"https:\/\/dosanko.eu\/wp-json\/wp\/v2\/pages\/142\/revisions"}],"predecessor-version":[{"id":149,"href":"https:\/\/dosanko.eu\/wp-json\/wp\/v2\/pages\/142\/revisions\/149"}],"wp:attachment":[{"href":"https:\/\/dosanko.eu\/wp-json\/wp\/v2\/media?parent=142"}],"curies":[{"name":"wp","href":"https:\/\/api.w.org\/{rel}","templated":true}]}}