{"id":153,"date":"2025-12-14T11:01:25","date_gmt":"2025-12-14T11:01:25","guid":{"rendered":"https:\/\/dosanko.eu\/?page_id=153"},"modified":"2025-12-14T11:01:25","modified_gmt":"2025-12-14T11:01:25","slug":"terms","status":"publish","type":"page","link":"https:\/\/dosanko.eu\/de\/terms\/","title":{"rendered":"Nutzungsbedingungen"},"content":{"rendered":"\n<p>Diese Nutzungsbedingungen regeln die Nutzung dieser Website (die \u201eWebsite\u201c).<br>Mit der Nutzung der Website erkl\u00e4ren Sie sich mit diesen Nutzungsbedingungen einverstanden.<\/p>\n\n\n\n<h2 class=\"wp-block-heading\">\u00a71 Geltungsbereich<\/h2>\n\n\n\n<p>Diese Nutzungsbedingungen gelten f\u00fcr alle Rechtsbeziehungen zwischen den Nutzern und dem Betreiber der Website.<\/p>\n\n\n\n<h2 class=\"wp-block-heading\">\u00a72 Verbotene Handlungen<\/h2>\n\n\n\n<p>Den Nutzern ist es untersagt, insbesondere folgende Handlungen vorzunehmen:<\/p>\n\n\n\n<ul class=\"wp-block-list\">\n<li>Verst\u00f6\u00dfe gegen geltendes Recht oder die guten Sitten<\/li>\n\n\n\n<li>Handlungen im Zusammenhang mit strafbaren Handlungen<\/li>\n\n\n\n<li>Verletzung von Rechten des geistigen Eigentums der Website oder Dritter<\/li>\n\n\n\n<li>St\u00f6rung oder Beeintr\u00e4chtigung des Betriebs der Website<\/li>\n\n\n\n<li>Unbefugter Zugriff oder der Versuch eines solchen<\/li>\n<\/ul>\n\n\n\n<h2 class=\"wp-block-heading\">\u00a73 Haftungsausschluss<\/h2>\n\n\n\n<p>Die Inhalte der Website werden ohne Gew\u00e4hr f\u00fcr Richtigkeit, Vollst\u00e4ndigkeit oder Sicherheit bereitgestellt.<br>Der Betreiber haftet nicht f\u00fcr Sch\u00e4den, die aus der Nutzung der Website entstehen.<\/p>\n\n\n\n<h2 class=\"wp-block-heading\">\u00a74 \u00c4nderungen und Einstellung der Dienste<\/h2>\n\n\n\n<p>Der Betreiber beh\u00e4lt sich das Recht vor, die Website oder Teile davon ohne vorherige Ank\u00fcndigung zu \u00e4ndern oder einzustellen.<\/p>\n\n\n\n<h2 class=\"wp-block-heading\">\u00a75 Urheberrecht<\/h2>\n\n\n\n<p>Die auf der Website ver\u00f6ffentlichten Inhalte unterliegen dem Urheberrecht und geh\u00f6ren dem Betreiber oder den jeweiligen Rechteinhabern.<\/p>\n\n\n\n<h2 class=\"wp-block-heading\">\u00a76 Anwendbares Recht und Gerichtsstand<\/h2>\n\n\n\n<p>Es gilt das Recht Japans.<br>Gerichtsstand f\u00fcr alle Streitigkeiten im Zusammenhang mit diesen Nutzungsbedingungen sind die Gerichte in Japan.<\/p>\n","protected":false},"excerpt":{"rendered":"Diese Nutzungsbedingungen regeln die Nutzung dieser Website (die \u201eWebsite\u201c).Mit der Nutzung der Website erkl\u00e4r [&hellip;]","protected":false},"author":1,"featured_media":0,"parent":0,"menu_order":0,"comment_status":"closed","ping_status":"closed","template":"","meta":{"_acf_changed":false,"_locale":"de_DE","_original_post":"https:\/\/dosanko.eu\/?page_id=151","footnotes":""},"class_list":["post-153","page","type-page","status-publish","hentry","de-DE"],"acf":[],"_links":{"self":[{"href":"https:\/\/dosanko.eu\/wp-json\/wp\/v2\/pages\/153","targetHints":{"allow":["GET"]}}],"collection":[{"href":"https:\/\/dosanko.eu\/wp-json\/wp\/v2\/pages"}],"about":[{"href":"https:\/\/dosanko.eu\/wp-json\/wp\/v2\/types\/page"}],"author":[{"embeddable":true,"href":"https:\/\/dosanko.eu\/wp-json\/wp\/v2\/users\/1"}],"replies":[{"embeddable":true,"href":"https:\/\/dosanko.eu\/wp-json\/wp\/v2\/comments?post=153"}],"version-history":[{"count":1,"href":"https:\/\/dosanko.eu\/wp-json\/wp\/v2\/pages\/153\/revisions"}],"predecessor-version":[{"id":156,"href":"https:\/\/dosanko.eu\/wp-json\/wp\/v2\/pages\/153\/revisions\/156"}],"wp:attachment":[{"href":"https:\/\/dosanko.eu\/wp-json\/wp\/v2\/media?parent=153"}],"curies":[{"name":"wp","href":"https:\/\/api.w.org\/{rel}","templated":true}]}}