{"id":143,"date":"2025-12-14T09:48:13","date_gmt":"2025-12-14T09:48:13","guid":{"rendered":"https:\/\/dosanko.eu\/?page_id=143"},"modified":"2025-12-14T09:56:32","modified_gmt":"2025-12-14T09:56:32","slug":"privacy-policy","status":"publish","type":"page","link":"https:\/\/dosanko.eu\/de\/privacy-policy\/","title":{"rendered":"Datenschutzerkl\u00e4rung"},"content":{"rendered":"\n<h2 class=\"wp-block-heading\">Wer wir sind<\/h2>\n\n\n\n<p>Die Adresse unserer Website lautet:<br><a href=\"https:\/\/dosanko.eu\">https:\/\/dosanko.eu<\/a><\/p>\n\n\n\n<h2 class=\"wp-block-heading\">Kommentare<\/h2>\n\n\n\n<p>Wenn Besucher Kommentare auf der Website hinterlassen, erfassen wir die im Kommentarformular angegebenen Daten sowie die IP-Adresse und den User-Agent des Browsers zur Spam-Erkennung.<\/p>\n\n\n\n<p>Eine anonymisierte Zeichenfolge aus Ihrer E-Mail-Adresse kann an den Gravatar-Dienst \u00fcbermittelt werden.<br>Die Datenschutzerkl\u00e4rung von Gravatar finden Sie hier:<br><a href=\"https:\/\/automattic.com\/privacy\/\">https:\/\/automattic.com\/privacy\/<\/a><\/p>\n\n\n\n<p>Nach Freigabe des Kommentars ist Ihr Profilbild \u00f6ffentlich sichtbar.<\/p>\n\n\n\n<h2 class=\"wp-block-heading\">Medien<\/h2>\n\n\n\n<p>Beim Hochladen von Bildern sollten keine Standortdaten (EXIF GPS) enthalten sein.<br>Besucher k\u00f6nnen Standortdaten aus Bildern extrahieren.<\/p>\n\n\n\n<h2 class=\"wp-block-heading\">Cookies<\/h2>\n\n\n\n<p>Beim Hinterlassen eines Kommentars k\u00f6nnen Name, E-Mail-Adresse und Website in Cookies gespeichert werden.<br>Diese Cookies bleiben ein Jahr lang gespeichert.<\/p>\n\n\n\n<p>Beim Besuch der Login-Seite wird ein tempor\u00e4rer Cookie gesetzt, um die Cookie-Akzeptanz zu pr\u00fcfen.<br>Dieser Cookie enth\u00e4lt keine personenbezogenen Daten.<\/p>\n\n\n\n<p>Beim Einloggen werden Cookies zur Speicherung der Login-Daten und Anzeigeoptionen gesetzt.<br>Login-Cookies gelten zwei Tage, Anzeige-Cookies ein Jahr.<br>Bei Auswahl von \u201eAngemeldet bleiben\u201c bleibt die Anmeldung zwei Wochen bestehen.<br>Beim Abmelden werden Login-Cookies gel\u00f6scht.<\/p>\n\n\n\n<p>Beim Bearbeiten oder Ver\u00f6ffentlichen eines Artikels wird ein zus\u00e4tzlicher Cookie gesetzt,<br>der nach einem Tag abl\u00e4uft.<\/p>\n\n\n\n<h2 class=\"wp-block-heading\">Eingebettete Inhalte<\/h2>\n\n\n\n<p>Beitr\u00e4ge k\u00f6nnen eingebettete Inhalte von anderen Websites enthalten.<br>Diese verhalten sich so, als ob der Besucher die andere Website direkt besucht h\u00e4tte.<\/p>\n\n\n\n<p>Diese Websites k\u00f6nnen Daten erfassen, Cookies verwenden und Interaktionen verfolgen.<\/p>\n\n\n\n<h2 class=\"wp-block-heading\">Weitergabe von Daten<\/h2>\n\n\n\n<p>Bei einer Passwort-Zur\u00fccksetzung wird Ihre IP-Adresse in der E-Mail enthalten sein.<\/p>\n\n\n\n<h2 class=\"wp-block-heading\">Speicherdauer<\/h2>\n\n\n\n<p>Kommentare und Metadaten werden unbegrenzt gespeichert.<\/p>\n\n\n\n<p>Registrierte Benutzer k\u00f6nnen ihre pers\u00f6nlichen Daten jederzeit einsehen, bearbeiten oder l\u00f6schen<br>(ausgenommen der Benutzername).<br>Administratoren k\u00f6nnen diese Daten ebenfalls einsehen.<\/p>\n\n\n\n<h2 class=\"wp-block-heading\">Rechte an Ihren Daten<\/h2>\n\n\n\n<p>Sie k\u00f6nnen eine Exportdatei Ihrer personenbezogenen Daten anfordern<br>und die L\u00f6schung Ihrer Daten verlangen, sofern keine rechtlichen Verpflichtungen bestehen.<\/p>\n\n\n\n<h2 class=\"wp-block-heading\">Wohin Ihre Daten gesendet werden<\/h2>\n\n\n\n<p>Kommentare k\u00f6nnen durch einen automatisierten Spam-Erkennungsdienst \u00fcberpr\u00fcft werden.<\/p>\n","protected":false},"excerpt":{"rendered":"Wer wir sind Die Adresse unserer Website lautet:https:\/\/dosanko.eu Kommentare Wenn Besucher Kommentare auf der [&hellip;]","protected":false},"author":1,"featured_media":0,"parent":0,"menu_order":0,"comment_status":"closed","ping_status":"open","template":"","meta":{"_acf_changed":false,"_locale":"de_DE","_original_post":"https:\/\/dosanko.eu\/?page_id=3","footnotes":""},"class_list":["post-143","page","type-page","status-publish","hentry","de-DE"],"acf":[],"_links":{"self":[{"href":"https:\/\/dosanko.eu\/wp-json\/wp\/v2\/pages\/143","targetHints":{"allow":["GET"]}}],"collection":[{"href":"https:\/\/dosanko.eu\/wp-json\/wp\/v2\/pages"}],"about":[{"href":"https:\/\/dosanko.eu\/wp-json\/wp\/v2\/types\/page"}],"author":[{"embeddable":true,"href":"https:\/\/dosanko.eu\/wp-json\/wp\/v2\/users\/1"}],"replies":[{"embeddable":true,"href":"https:\/\/dosanko.eu\/wp-json\/wp\/v2\/comments?post=143"}],"version-history":[{"count":2,"href":"https:\/\/dosanko.eu\/wp-json\/wp\/v2\/pages\/143\/revisions"}],"predecessor-version":[{"id":150,"href":"https:\/\/dosanko.eu\/wp-json\/wp\/v2\/pages\/143\/revisions\/150"}],"wp:attachment":[{"href":"https:\/\/dosanko.eu\/wp-json\/wp\/v2\/media?parent=143"}],"curies":[{"name":"wp","href":"https:\/\/api.w.org\/{rel}","templated":true}]}}